{"id":120791,"date":"2025-05-26T14:50:53","date_gmt":"2025-05-26T17:50:53","guid":{"rendered":"https:\/\/beta.marketingdigitalmedicos.com.br\/ruben-berta\/?page_id=120791"},"modified":"2025-05-26T14:52:51","modified_gmt":"2025-05-26T17:52:51","slug":"orientacoes-ao-paciente","status":"publish","type":"page","link":"https:\/\/beta.marketingdigitalmedicos.com.br\/ruben-berta\/orientacoes-ao-paciente\/","title":{"rendered":"Orienta\u00e7\u00f5es aos pacientes"},"content":{"rendered":"\n<h3 class=\"wp-block-heading\">Visitas \/ Acompanhantes<\/h3>\n\n\n\n<p>N\u00e3o \u00e9 permitida a entrada de crian\u00e7as menores de 12 anos. Visitas \u00e0s demais depend\u00eancias do Hospital s\u00f3 ser\u00e3o permitidas mediante autoriza\u00e7\u00e3o da Chefia do Departamento. \u00c9 proibida a perman\u00eancia de acompanhantes em enfermarias, fora do hor\u00e1rio regular de visitas (veja abaixo). No apartamento, fora do hor\u00e1rio regular de visitas, ser\u00e1 permitida apenas a perman\u00eancia de um acompanhante.<\/p>\n\n\n\n<h3 class=\"wp-block-heading\">Hor\u00e1rio de Visitas<\/h3>\n\n\n\n<p><strong>Enfermaria<\/strong><br>Tarde: das 14h00 \u00e0s 15h00<br>Noite: das 19h00 \u00e0s 20h00<\/p>\n\n\n\n<p><strong>Apartamento<\/strong><br>Das 12h00 \u00e0s 21h00<\/p>\n\n\n\n<p><strong>Terapia Intensiva<\/strong><br>Das 14h30 \u00e0s 15h00<\/p>\n\n\n\n<p>O hor\u00e1rio de visitas do Hospital se encerra \u00e0s 21h00. Ap\u00f3s este hor\u00e1rio n\u00e3o ser\u00e1 permitida a perman\u00eancia de visitas nos apartamentos.<\/p>\n\n\n\n<h3 class=\"wp-block-heading\">Interna\u00e7\u00e3o<\/h3>\n\n\n\n<p>Todo cliente deve ter um respons\u00e1vel por sua interna\u00e7\u00e3o, que dever\u00e1 fornecer todas as informa\u00e7\u00f5es solicitadas, bem como apresentar os pr\u00f3prios documentos (RG e CPF) e os do paciente e assinar um contrato de presta\u00e7\u00e3o de servi\u00e7os. Al\u00e9m disso, a interna\u00e7\u00e3o s\u00f3 poder\u00e1 ser realizada sob a responsabilidade de um m\u00e9dico ou m\u00e9dica do nosso corpo cl\u00ednico, ou por seu m\u00e9dico ou sua m\u00e9dica previamente cadastrados<\/p>\n\n\n\n<p>Para interna\u00e7\u00f5es eletivas (programadas), o paciente, munido do pedido m\u00e9dico, dever\u00e1 contatar o setor de pr\u00e9-interna\u00e7\u00e3o, onde ser\u00e3o fornecidas as informa\u00e7\u00f5es necess\u00e1rias para efetua\u00e7\u00e3o da interna\u00e7\u00e3o, proporcionando maior agilidade no processo.<\/p>\n\n\n\n<h3 class=\"wp-block-heading\">Alta e Conta Hospitalar<\/h3>\n\n\n\n<p>A conta hospitalar ser\u00e1 processada diariamente e finalizada no momento da alta. Clientes que possuam guia autorizada no ato da interna\u00e7\u00e3o ser\u00e3o orientados sobre o que realmente est\u00e1 sendo autorizado e havendo a necessidade de outros procedimentos al\u00e9m dos autorizados, no decorrer da perman\u00eancia do paciente no Hospital, o cliente ser\u00e1 informado ap\u00f3s an\u00e1lise do conv\u00eanio, sobre a confirma\u00e7\u00e3o de pagamento integral ou sobre despesas exclu\u00eddas, as quais dever\u00e3o ser por ele pagas, em car\u00e1ter particular.<\/p>\n\n\n\n<h3 class=\"wp-block-heading\">Di\u00e1rias e Valores<\/h3>\n\n\n\n<p>Os valores das di\u00e1rias incluem:<\/p>\n\n\n\n<ul class=\"wp-block-list\">\n<li>Assist\u00eancia b\u00e1sica de enfermagem<\/li>\n\n\n\n<li>Aposento e refei\u00e7\u00f5es normais do cliente internado<\/li>\n<\/ul>\n\n\n\n<p>As di\u00e1rias vencem \u00e0s 08:00 horas, independente do hor\u00e1rio de interna\u00e7\u00e3o. Todo paciente que permanecer ap\u00f3s este hor\u00e1rio, arcar\u00e1 com o pagamento de taxa de perman\u00eancia correspondente a uma di\u00e1ria (portanto solicite a seus m\u00e9dicos que informem a alta at\u00e9 este hor\u00e1rio).<\/p>\n\n\n\n<h3 class=\"wp-block-heading\">Honor\u00e1rios M\u00e9dicos (para clientes particulares)<\/h3>\n\n\n\n<p>Os honor\u00e1rios m\u00e9dicos n\u00e3o est\u00e3o inclu\u00eddos na conta hospitalar. O pagamento dos honor\u00e1rios m\u00e9dicos e seus auxiliares s\u00e3o de inteira e exclusiva responsabilidade do cliente\/respons\u00e1vel e dever\u00e1 ser tratado previamente com estes profissionais.<\/p>\n","protected":false},"excerpt":{"rendered":"<p>Visitas \/ Acompanhantes N\u00e3o \u00e9 permitida a entrada de crian\u00e7as menores de 12 anos. Visitas \u00e0s demais depend\u00eancias do Hospital s\u00f3 ser\u00e3o permitidas mediante autoriza\u00e7\u00e3o da Chefia do Departamento. \u00c9 proibida a perman\u00eancia de acompanhantes em enfermarias, fora do hor\u00e1rio regular de visitas (veja abaixo). No apartamento, fora do hor\u00e1rio regular de visitas, ser\u00e1 permitida [&hellip;]<\/p>\n","protected":false},"author":1,"featured_media":0,"parent":0,"menu_order":0,"comment_status":"closed","ping_status":"closed","template":"","meta":{"_acf_changed":false,"footnotes":""},"class_list":["post-120791","page","type-page","status-publish","hentry"],"acf":[],"_links":{"self":[{"href":"https:\/\/beta.marketingdigitalmedicos.com.br\/ruben-berta\/wp-json\/wp\/v2\/pages\/120791","targetHints":{"allow":["GET"]}}],"collection":[{"href":"https:\/\/beta.marketingdigitalmedicos.com.br\/ruben-berta\/wp-json\/wp\/v2\/pages"}],"about":[{"href":"https:\/\/beta.marketingdigitalmedicos.com.br\/ruben-berta\/wp-json\/wp\/v2\/types\/page"}],"author":[{"embeddable":true,"href":"https:\/\/beta.marketingdigitalmedicos.com.br\/ruben-berta\/wp-json\/wp\/v2\/users\/1"}],"replies":[{"embeddable":true,"href":"https:\/\/beta.marketingdigitalmedicos.com.br\/ruben-berta\/wp-json\/wp\/v2\/comments?post=120791"}],"version-history":[{"count":3,"href":"https:\/\/beta.marketingdigitalmedicos.com.br\/ruben-berta\/wp-json\/wp\/v2\/pages\/120791\/revisions"}],"predecessor-version":[{"id":120794,"href":"https:\/\/beta.marketingdigitalmedicos.com.br\/ruben-berta\/wp-json\/wp\/v2\/pages\/120791\/revisions\/120794"}],"wp:attachment":[{"href":"https:\/\/beta.marketingdigitalmedicos.com.br\/ruben-berta\/wp-json\/wp\/v2\/media?parent=120791"}],"curies":[{"name":"wp","href":"https:\/\/api.w.org\/{rel}","templated":true}]}}