{"id":120796,"date":"2025-05-26T16:20:49","date_gmt":"2025-05-26T19:20:49","guid":{"rendered":"https:\/\/beta.marketingdigitalmedicos.com.br\/ruben-berta\/?page_id=120796"},"modified":"2025-05-26T16:34:07","modified_gmt":"2025-05-26T19:34:07","slug":"solicitacao-de-prontuario","status":"publish","type":"page","link":"https:\/\/beta.marketingdigitalmedicos.com.br\/ruben-berta\/solicitacao-de-prontuario\/","title":{"rendered":"Solicita\u00e7\u00e3o de Prontu\u00e1rio"},"content":{"rendered":"\n<p><br>Considerando que o prontu\u00e1rio do paciente \u00e9 propriedade f\u00edsica da institui\u00e7\u00e3o, por for\u00e7a de lei (C\u00f3digo de \u00c9tica M\u00e9dica \u2013 Resolu\u00e7\u00e3o CFM n\u00ba 2.217\/2018), o HOSPITAL RUBEN BERTA cumprir\u00e1 o dever de guardar o prontu\u00e1rio do paciente pelo prazo legal, reservando ao paciente ou respons\u00e1vel legal, direito de c\u00f3pia do seu prontu\u00e1rio mediante solicita\u00e7\u00e3o expressa.<\/p>\n\n\n\n<p>Al\u00e9m da prote\u00e7\u00e3o imposta pelo C\u00f3digo de \u00c9tica M\u00e9dica, o prontu\u00e1rio do paciente cont\u00e9m informa\u00e7\u00f5es e dados pessoais sens\u00edveis, cujo tratamento e direitos do titular devem atender Lei Geral de Prote\u00e7\u00e3o de Dados (<a href=\"http:\/\/home\/\">Pol\u00edtica de Privacidade e Prote\u00e7\u00e3o de Dados<\/a>).<\/p>\n\n\n\n<p>Considerando que o prontu\u00e1rio m\u00e9dico \u00e9 documento com dados confidenciais do paciente, e que a lei expressamente pro\u00edbe ao m\u00e9dico ou institui\u00e7\u00e3o, a permiss\u00e3o do manuseio e o conhecimento dos prontu\u00e1rios por pessoas n\u00e3o obrigadas ao sigilo profissional, para atender \u00e0 solicita\u00e7\u00e3o de entrega de c\u00f3pia de prontu\u00e1rio do paciente, esclarecemos o seguinte:<\/p>\n\n\n\n<h5 class=\"wp-block-heading\"><strong>Condi\u00e7\u00f5es para solicita\u00e7\u00e3o de c\u00f3pia do prontu\u00e1rio do paciente:<\/strong><\/h5>\n\n\n\n<p>a) Preenchimento de formul\u00e1rio de solicita\u00e7\u00e3o de prontu\u00e1rio;<br>b) Que a solicita\u00e7\u00e3o seja realizada pelo paciente ou respons\u00e1vel legal;<br>c) Que seja respeitado o prazo m\u00ednimo de 20 dias \u00fateis para retirada das c\u00f3pias contados da data do pedido, podendo o prazo ser aumentado, caso necess\u00e1rio;<br>d) Que seja indicado no formul\u00e1rio de solicita\u00e7\u00e3o, o nome e identifica\u00e7\u00e3o da pessoa que retirar\u00e1 as c\u00f3pias do prontu\u00e1rio, previamente e expressamente autorizada pelo paciente, ou respons\u00e1vel legal, que ficar\u00e1 exclusivamente respons\u00e1vel pela guarda do documento at\u00e9 entrega do prontu\u00e1rio ao respons\u00e1vel ou paciente;<br>e) Que seja feito o pagamento das despesas para a extra\u00e7\u00e3o de c\u00f3pia (xerox) no valor de R$ 20,00, no momento da retirada, mediante apresenta\u00e7\u00e3o do Formul\u00e1rio assinado e recibo de entrega.<\/p>\n\n\n\n<h5 class=\"wp-block-heading\"><strong>Condi\u00e7\u00f5es para entrega de c\u00f3pia do prontu\u00e1rio:<\/strong><\/h5>\n\n\n\n<p>Apresenta\u00e7\u00e3o da Solicita\u00e7\u00e3o de Prontu\u00e1rio assinado pelo Paciente ou respons\u00e1vel legal, ou autoriza\u00e7\u00e3o assinada, na hip\u00f3tese de entrega para terceiro;<br>Apresenta\u00e7\u00e3o de documento oficial com foto;<br>Pagamento de despesa para c\u00f3pia no valor R$ 20,00;<br>Assinatura em RECIBO de Entrega de c\u00f3pia de prontu\u00e1rio do paciente.<\/p>\n\n\n\n<h5 class=\"wp-block-heading\"><strong>Aten\u00e7\u00e3o<\/strong><\/h5>\n\n\n\n<ul class=\"wp-block-list\">\n<li>N\u00e3o haver\u00e1 nenhuma cobran\u00e7a de despesa para acesso aos dados pelo titular, cuja solicita\u00e7\u00e3o dever\u00e1 atender as regras impostas pela Lei Geral de Prote\u00e7\u00e3o de Dados, conforme Pol\u00edtica de Privacidade e Prote\u00e7\u00e3o de Dados;<\/li>\n\n\n\n<li>As c\u00f3pias do PRONTU\u00c1RIO DO PACIENTE dever\u00e3o ser retiradas presencialmente de segunda-feira \u00e0 sexta-feira, das 09h00 h \u00e0s 17h00.<\/li>\n\n\n\n<li>Entrega para terceiros somente ser\u00e1 realizada desde que previamente autorizada pelo paciente ou respons\u00e1vel legal, conforme condi\u00e7\u00f5es acima;<\/li>\n\n\n\n<li>A c\u00f3pia do prontu\u00e1rio ficar\u00e1 dispon\u00edvel por 60 dias para retirada a contar do prazo para entrega. Ap\u00f3s esse prazo, a c\u00f3pia do prontu\u00e1rio do paciente ser\u00e1 desprezada e dever\u00e1 haver nova solicita\u00e7\u00e3o;<\/li>\n<\/ul>\n\n\n\n<p>Importa esclarecer que n\u00e3o ser\u00e3o liberadas c\u00f3pias do prontu\u00e1rio sob a guarda do HOSPITAL RUBEN BERTA para terceiros, exceto, para atender a ordem judicial ou para sua pr\u00f3pria defesa, assim como, quando a pedido ou autorizado por escrito pelo paciente, para o mesmo ou para o representante legal expressamente identificado.<\/p>\n\n\n\n<p>Para cumprimento da SOLICITA\u00c7\u00c3O DE PRONTU\u00c1RIO, ser\u00e3o colhidos dados pessoais exclusivamente para identifica\u00e7\u00e3o do paciente, localiza\u00e7\u00e3o do respectivo prontu\u00e1rio e identifica\u00e7\u00e3o da pessoa solicitante. Em vista do compartilhamento dos dados constantes no prontu\u00e1rio do paciente, ainda que para o pr\u00f3prio paciente titular, cumprida solicita\u00e7\u00e3o, com o fim de atender a Lei Geral de Prote\u00e7\u00e3o de Dados, os dados pessoais do solicitante e da pessoa respons\u00e1vel pela retirada do documento ser\u00e3o anexados ao prontu\u00e1rio original e ser\u00e3o tratados (guardados) em conjunto, pelo prazo legal.<\/p>\n\n\n\n<div class=\"wp-block-columns is-layout-flex wp-container-core-columns-is-layout-9d6595d7 wp-block-columns-is-layout-flex\">\n<div class=\"wp-block-column is-layout-flow wp-block-column-is-layout-flow\" style=\"flex-basis:75%\"><div class=\"wpforms-container wpforms-container-full wpforms-block wpforms-block-47412abe-0bd6-4a72-bc86-b02b08b1aaea wpforms-render-modern\" id=\"wpforms-120801\"><form id=\"wpforms-form-120801\" class=\"wpforms-validate wpforms-form wpforms-ajax-form\" data-formid=\"120801\" method=\"post\" enctype=\"multipart\/form-data\" action=\"\/ruben-berta\/wp-json\/wp\/v2\/pages\/120796\" data-token=\"c50084c41ca7dbf80ef1555af9964a41\" data-token-time=\"1776951980\"><noscript class=\"wpforms-error-noscript\">Ative o JavaScript no seu navegador para preencher este formul\u00e1rio.<\/noscript><div class=\"wpforms-hidden\" id=\"wpforms-error-noscript\">Ative o JavaScript no seu navegador para preencher este formul\u00e1rio.<\/div><div class=\"wpforms-page-indicator circles\" data-indicator=\"circles\" data-indicator-color=\"#4d8913\" data-scroll=\"1\" role=\"progressbar\" aria-valuenow=\"1\" aria-valuemin=\"1\" aria-valuemax=\"2\" tabindex=\"-1\"><div class=\"wpforms-page-indicator-page active wpforms-page-indicator-page-1\"><span class=\"wpforms-page-indicator-page-number\" style=\"background-color:#4d8913\">1<\/span><span class=\"wpforms-page-indicator-page-title\">Dados do solicitante<\/span><\/div><div class=\"wpforms-page-indicator-page  wpforms-page-indicator-page-2\"><span class=\"wpforms-page-indicator-page-number\">2<\/span><span class=\"wpforms-page-indicator-page-title\">Dados do paciente<\/span><\/div><\/div><div class=\"wpforms-field-container\"><div class=\"wpforms-page wpforms-page-1 \" data-page=\"1\"><div id=\"wpforms-120801-field_13-container\" class=\"wpforms-field wpforms-field-pagebreak\" data-field-id=\"13\"><\/div><div id=\"wpforms-120801-field_40-container\" class=\"wpforms-field wpforms-field-layout\" data-field-id=\"40\"><div class=\"wpforms-field-layout-columns wpforms-field-layout-preset-50-50\"><div class=\"wpforms-layout-column wpforms-layout-column-50\" ><div id=\"wpforms-120801-field_3-container\" class=\"wpforms-field wpforms-field-text\" data-field-id=\"3\"><label class=\"wpforms-field-label\" for=\"wpforms-120801-field_3\">Nome completo <span class=\"wpforms-required-label\" aria-hidden=\"true\">*<\/span><\/label><input type=\"text\" id=\"wpforms-120801-field_3\" class=\"wpforms-field-medium wpforms-field-required\" name=\"wpforms[fields][3]\" aria-errormessage=\"wpforms-120801-field_3-error\" required><\/div><\/div><div class=\"wpforms-layout-column wpforms-layout-column-50\" ><div id=\"wpforms-120801-field_4-container\" class=\"wpforms-field wpforms-field-text\" data-field-id=\"4\"><label class=\"wpforms-field-label\" for=\"wpforms-120801-field_4\">RG (somente n\u00fameros) <span class=\"wpforms-required-label\" aria-hidden=\"true\">*<\/span><\/label><input type=\"text\" id=\"wpforms-120801-field_4\" class=\"wpforms-field-medium wpforms-field-required wpforms-masked-input\" data-rule-inputmask-incomplete=\"1\" data-inputmask-mask=\"99.999.999-*\" name=\"wpforms[fields][4]\" placeholder=\"000.000.000-0\" aria-errormessage=\"wpforms-120801-field_4-error\" required><\/div><\/div><\/div><\/div><div id=\"wpforms-120801-field_41-container\" class=\"wpforms-field wpforms-field-layout\" data-field-id=\"41\"><div class=\"wpforms-field-layout-columns wpforms-field-layout-preset-50-50\"><div class=\"wpforms-layout-column wpforms-layout-column-50\" ><div id=\"wpforms-120801-field_5-container\" class=\"wpforms-field wpforms-field-email\" data-field-id=\"5\"><label class=\"wpforms-field-label\" for=\"wpforms-120801-field_5\">E-mail <span class=\"wpforms-required-label\" aria-hidden=\"true\">*<\/span><\/label><input type=\"email\" id=\"wpforms-120801-field_5\" class=\"wpforms-field-medium wpforms-field-required\" name=\"wpforms[fields][5]\" spellcheck=\"false\" aria-errormessage=\"wpforms-120801-field_5-error\" required><\/div><\/div><div class=\"wpforms-layout-column wpforms-layout-column-50\" ><div id=\"wpforms-120801-field_6-container\" class=\"wpforms-field wpforms-field-text\" data-field-id=\"6\"><label class=\"wpforms-field-label\" for=\"wpforms-120801-field_6\">CPF (somente n\u00fameros) <span class=\"wpforms-required-label\" aria-hidden=\"true\">*<\/span><\/label><input type=\"text\" id=\"wpforms-120801-field_6\" class=\"wpforms-field-medium wpforms-field-required wpforms-masked-input\" data-rule-inputmask-incomplete=\"1\" data-inputmask-mask=\"999.999.999-99\" name=\"wpforms[fields][6]\" placeholder=\"000.000.000-00\" aria-errormessage=\"wpforms-120801-field_6-error\" required><\/div><\/div><\/div><\/div><div id=\"wpforms-120801-field_2-container\" class=\"wpforms-field wpforms-field-layout\" data-field-id=\"2\"><div class=\"wpforms-field-layout-columns wpforms-field-layout-preset-50-50\"><div class=\"wpforms-layout-column wpforms-layout-column-50\" ><div id=\"wpforms-120801-field_7-container\" class=\"wpforms-field wpforms-field-text\" data-field-id=\"7\"><label class=\"wpforms-field-label\" for=\"wpforms-120801-field_7\">Telefone celular <span class=\"wpforms-required-label\" aria-hidden=\"true\">*<\/span><\/label><input type=\"text\" id=\"wpforms-120801-field_7\" class=\"wpforms-field-medium wpforms-field-required wpforms-masked-input\" data-rule-inputmask-incomplete=\"1\" data-inputmask-mask=\"(99) 99999-9999\" name=\"wpforms[fields][7]\" placeholder=\"(00) 00000-0000\" aria-errormessage=\"wpforms-120801-field_7-error\" required><\/div><\/div><div class=\"wpforms-layout-column wpforms-layout-column-50\" ><\/div><\/div><\/div><div id=\"wpforms-120801-field_8-container\" class=\"wpforms-field wpforms-field-layout\" data-field-id=\"8\"><div class=\"wpforms-field-layout-columns wpforms-field-layout-preset-50-50\"><div class=\"wpforms-layout-column wpforms-layout-column-50\" ><div id=\"wpforms-120801-field_32-container\" class=\"wpforms-field wpforms-field-radio wpforms-conditional-trigger\" data-field-id=\"32\"><fieldset><legend class=\"wpforms-field-label\">Solicitante \u00e9 <span class=\"wpforms-required-label\" aria-hidden=\"true\">*<\/span><\/legend><ul id=\"wpforms-120801-field_32\" class=\"wpforms-field-required\"><li class=\"choice-1 depth-1\"><input type=\"radio\" id=\"wpforms-120801-field_32_1\" name=\"wpforms[fields][32]\" value=\"Pr\u00f3prio paciente\" aria-errormessage=\"wpforms-120801-field_32_1-error\" required ><label class=\"wpforms-field-label-inline\" for=\"wpforms-120801-field_32_1\">Pr\u00f3prio paciente<\/label><\/li><li class=\"choice-2 depth-1\"><input type=\"radio\" id=\"wpforms-120801-field_32_2\" name=\"wpforms[fields][32]\" value=\"Representante legal\" aria-errormessage=\"wpforms-120801-field_32_2-error\" required ><label class=\"wpforms-field-label-inline\" for=\"wpforms-120801-field_32_2\">Representante legal<\/label><\/li><li class=\"choice-3 depth-1\"><input type=\"radio\" id=\"wpforms-120801-field_32_3\" name=\"wpforms[fields][32]\" value=\"Pai\" aria-errormessage=\"wpforms-120801-field_32_3-error\" required ><label class=\"wpforms-field-label-inline\" for=\"wpforms-120801-field_32_3\">Pai<\/label><\/li><li class=\"choice-4 depth-1\"><input type=\"radio\" id=\"wpforms-120801-field_32_4\" name=\"wpforms[fields][32]\" value=\"M\u00e3e\" aria-errormessage=\"wpforms-120801-field_32_4-error\" required ><label class=\"wpforms-field-label-inline\" for=\"wpforms-120801-field_32_4\">M\u00e3e<\/label><\/li><li class=\"choice-5 depth-1\"><input type=\"radio\" id=\"wpforms-120801-field_32_5\" name=\"wpforms[fields][32]\" value=\"Outro\" aria-errormessage=\"wpforms-120801-field_32_5-error\" required ><label class=\"wpforms-field-label-inline\" for=\"wpforms-120801-field_32_5\">Outro<\/label><\/li><\/ul><\/fieldset><\/div><div id=\"wpforms-120801-field_10-container\" class=\"wpforms-field wpforms-field-text wpforms-conditional-field wpforms-conditional-show\" data-field-id=\"10\" style=\"display:none;\"><input type=\"text\" id=\"wpforms-120801-field_10\" class=\"wpforms-field-medium\" name=\"wpforms[fields][10]\" aria-errormessage=\"wpforms-120801-field_10-error\" ><\/div><\/div><div class=\"wpforms-layout-column wpforms-layout-column-50\" ><div id=\"wpforms-120801-field_11-container\" class=\"wpforms-field wpforms-field-checkbox\" data-field-id=\"11\"><fieldset><legend class=\"wpforms-field-label\">Solicita\u00e7\u00e3o <span class=\"wpforms-required-label\" aria-hidden=\"true\">*<\/span><\/legend><ul id=\"wpforms-120801-field_11\" class=\"wpforms-field-required\"><li class=\"choice-1 depth-1\"><input type=\"checkbox\" id=\"wpforms-120801-field_11_1\" name=\"wpforms[fields][11][]\" value=\"Prontu\u00e1rio de interna\u00e7\u00e3o\" aria-errormessage=\"wpforms-120801-field_11_1-error\" required ><label class=\"wpforms-field-label-inline\" for=\"wpforms-120801-field_11_1\">Prontu\u00e1rio de interna\u00e7\u00e3o<\/label><\/li><li class=\"choice-2 depth-1\"><input type=\"checkbox\" id=\"wpforms-120801-field_11_2\" name=\"wpforms[fields][11][]\" value=\"Resumo de alta\" aria-errormessage=\"wpforms-120801-field_11_2-error\" required ><label class=\"wpforms-field-label-inline\" for=\"wpforms-120801-field_11_2\">Resumo de alta<\/label><\/li><li class=\"choice-4 depth-1\"><input type=\"checkbox\" id=\"wpforms-120801-field_11_4\" name=\"wpforms[fields][11][]\" value=\"Consulta de urg\u00eancia\/ambulatorial\" aria-errormessage=\"wpforms-120801-field_11_4-error\" required ><label class=\"wpforms-field-label-inline\" for=\"wpforms-120801-field_11_4\">Consulta de urg\u00eancia\/ambulatorial<\/label><\/li><li class=\"choice-5 depth-1\"><input type=\"checkbox\" id=\"wpforms-120801-field_11_5\" name=\"wpforms[fields][11][]\" value=\"Discriminativo para reembolso\" aria-errormessage=\"wpforms-120801-field_11_5-error\" required ><label class=\"wpforms-field-label-inline\" for=\"wpforms-120801-field_11_5\">Discriminativo para reembolso<\/label><\/li><\/ul><\/fieldset><\/div><\/div><\/div><\/div><div id=\"wpforms-120801-field_12-container\" class=\"wpforms-field wpforms-field-pagebreak\" data-field-id=\"12\"><div class=\"wpforms-clear wpforms-pagebreak-right\"><button class=\"wpforms-page-button wpforms-page-next wpforms-disabled\"\n\t\t\t\t\tdata-action=\"next\" data-page=\"1\" data-formid=\"120801\" aria-disabled=\"true\" aria-describedby=\"wpforms-error-noscript\">Avan\u00e7ar<\/button><\/div><\/div><\/div><div class=\"wpforms-page wpforms-page-2 last \" data-page=\"2\" style=\"display:none;\"><div id=\"wpforms-120801-field_42-container\" class=\"wpforms-field wpforms-field-layout\" data-field-id=\"42\"><div class=\"wpforms-field-layout-columns wpforms-field-layout-preset-50-50\"><div class=\"wpforms-layout-column wpforms-layout-column-50\" ><div id=\"wpforms-120801-field_16-container\" class=\"wpforms-field wpforms-field-text\" data-field-id=\"16\"><label class=\"wpforms-field-label\" for=\"wpforms-120801-field_16\">Nome do paciente <span class=\"wpforms-required-label\" aria-hidden=\"true\">*<\/span><\/label><input type=\"text\" id=\"wpforms-120801-field_16\" class=\"wpforms-field-medium wpforms-field-required\" name=\"wpforms[fields][16]\" aria-errormessage=\"wpforms-120801-field_16-error\" required><\/div><\/div><div class=\"wpforms-layout-column wpforms-layout-column-50\" ><div id=\"wpforms-120801-field_17-container\" class=\"wpforms-field wpforms-field-text\" data-field-id=\"17\"><label class=\"wpforms-field-label\" for=\"wpforms-120801-field_17\">RG (somente n\u00fameros) <span class=\"wpforms-required-label\" aria-hidden=\"true\">*<\/span><\/label><input type=\"text\" id=\"wpforms-120801-field_17\" class=\"wpforms-field-medium wpforms-field-required wpforms-masked-input\" data-rule-inputmask-incomplete=\"1\" data-inputmask-mask=\"99.999.999-*\" name=\"wpforms[fields][17]\" placeholder=\"000.000.000-0\" aria-errormessage=\"wpforms-120801-field_17-error\" required><\/div><\/div><\/div><\/div><div id=\"wpforms-120801-field_43-container\" class=\"wpforms-field wpforms-field-layout\" data-field-id=\"43\"><div class=\"wpforms-field-layout-columns wpforms-field-layout-preset-50-50\"><div class=\"wpforms-layout-column wpforms-layout-column-50\" ><div id=\"wpforms-120801-field_18-container\" class=\"wpforms-field wpforms-field-date-time\" data-field-id=\"18\"><label class=\"wpforms-field-label\" for=\"wpforms-120801-field_18\">Data da interna\u00e7\u00e3o <span class=\"wpforms-required-label\" aria-hidden=\"true\">*<\/span><\/label><div class=\"wpforms-datepicker-wrap\"><input type=\"text\" id=\"wpforms-120801-field_18\" class=\"wpforms-field-date-time-date wpforms-datepicker wpforms-field-required wpforms-field-medium\" data-date-format=\"d\/m\/Y\" data-disable-past-dates=\"0\" data-input=\"true\" name=\"wpforms[fields][18][date]\" placeholder=\"dd\/mm\/aaaa\" aria-errormessage=\"wpforms-120801-field_18-error\" required><a title=\"Limpar Data\" data-clear class=\"wpforms-datepicker-clear\" style=\"display:none;\"><\/a><\/div><\/div><\/div><div class=\"wpforms-layout-column wpforms-layout-column-50\" ><div id=\"wpforms-120801-field_19-container\" class=\"wpforms-field wpforms-field-text\" data-field-id=\"19\"><label class=\"wpforms-field-label\" for=\"wpforms-120801-field_19\">CPF (somente n\u00fameros) <span class=\"wpforms-required-label\" aria-hidden=\"true\">*<\/span><\/label><input type=\"text\" id=\"wpforms-120801-field_19\" class=\"wpforms-field-medium wpforms-field-required wpforms-masked-input\" data-rule-inputmask-incomplete=\"1\" data-inputmask-mask=\"999.999.999-99\" name=\"wpforms[fields][19]\" placeholder=\"000.000.000-00\" aria-errormessage=\"wpforms-120801-field_19-error\" required><\/div><\/div><\/div><\/div><div id=\"wpforms-120801-field_15-container\" class=\"wpforms-field wpforms-field-layout\" data-field-id=\"15\"><div class=\"wpforms-field-layout-columns wpforms-field-layout-preset-50-50\"><div class=\"wpforms-layout-column wpforms-layout-column-50\" ><div id=\"wpforms-120801-field_44-container\" class=\"wpforms-field wpforms-field-text\" data-field-id=\"44\"><label class=\"wpforms-field-label\" for=\"wpforms-120801-field_44\">Conv\u00eanio <span class=\"wpforms-required-label\" aria-hidden=\"true\">*<\/span><\/label><input type=\"text\" id=\"wpforms-120801-field_44\" class=\"wpforms-field-medium wpforms-field-required\" name=\"wpforms[fields][44]\" placeholder=\"Digite o conv\u00eanio\" aria-errormessage=\"wpforms-120801-field_44-error\" required><\/div><\/div><div class=\"wpforms-layout-column wpforms-layout-column-50\" ><div id=\"wpforms-120801-field_45-container\" class=\"wpforms-field wpforms-field-text\" data-field-id=\"45\"><label class=\"wpforms-field-label\" for=\"wpforms-120801-field_45\">M\u00e9dico <span class=\"wpforms-required-label\" aria-hidden=\"true\">*<\/span><\/label><input type=\"text\" id=\"wpforms-120801-field_45\" class=\"wpforms-field-medium wpforms-field-required\" name=\"wpforms[fields][45]\" placeholder=\"Digite o nome do m\u00e9dico\" aria-errormessage=\"wpforms-120801-field_45-error\" required><\/div><\/div><\/div><\/div><div id=\"wpforms-120801-field_22-container\" class=\"wpforms-field wpforms-field-textarea\" data-field-id=\"22\"><label class=\"wpforms-field-label\" for=\"wpforms-120801-field_22\">Motivo da solicita\u00e7\u00e3o <span class=\"wpforms-required-label\" aria-hidden=\"true\">*<\/span><\/label><textarea id=\"wpforms-120801-field_22\" class=\"wpforms-field-large wpforms-field-required\" name=\"wpforms[fields][22]\" aria-errormessage=\"wpforms-120801-field_22-error\" required><\/textarea><\/div><div id=\"wpforms-120801-field_23-container\" class=\"wpforms-field wpforms-field-textarea\" data-field-id=\"23\"><label class=\"wpforms-field-label\" for=\"wpforms-120801-field_23\">Observa\u00e7\u00f5es <span class=\"wpforms-required-label\" aria-hidden=\"true\">*<\/span><\/label><textarea id=\"wpforms-120801-field_23\" class=\"wpforms-field-large wpforms-field-required\" name=\"wpforms[fields][23]\" aria-errormessage=\"wpforms-120801-field_23-error\" required><\/textarea><\/div><div id=\"wpforms-120801-field_26-container\" class=\"wpforms-field wpforms-field-html text-info-confirme\" data-field-id=\"26\"><div id=\"wpforms-120801-field_26\" aria-errormessage=\"wpforms-120801-field_26-error\"><p>* Campos de preenchimento obrigat\u00f3rio.\r\n<br \/>\r\n<br \/>\r\nOs dados pessoais informados no Formul\u00e1rio acima s\u00e3o indispens\u00e1veis para atendimento da solicita\u00e7\u00e3o. O preenchimento e envio da solicita\u00e7\u00e3o com dados pessoais do paciente, do respons\u00e1vel legal requerente e indica\u00e7\u00e3o de terceiro para retirada, implica em autoriza\u00e7\u00e3o do tratamento dos dados pessoais de quem solicita o prontu\u00e1rio, e dos dados pessoais da pessoa que retirar o prontu\u00e1rio do paciente, e por for\u00e7a de lei, ser\u00e3o guardados com o prontu\u00e1rio do paciente, sob sigilo, pelo prazo que a lei exigir. \r\n<br \/>\r\n<br \/>\r\nDeseja continuar?<\/p><\/div><\/div><div id=\"wpforms-120801-field_30-container\" class=\"wpforms-field wpforms-field-checkbox\" data-field-id=\"30\"><fieldset><legend class=\"wpforms-field-label\"><\/legend><ul id=\"wpforms-120801-field_30\"><li class=\"choice-1 depth-1\"><input type=\"checkbox\" id=\"wpforms-120801-field_30_1\" name=\"wpforms[fields][30][]\" value=\"Sim, estou ciente e desejo continuar.\" aria-errormessage=\"wpforms-120801-field_30_1-error\"  ><label class=\"wpforms-field-label-inline\" for=\"wpforms-120801-field_30_1\">Sim, estou ciente e desejo continuar.<\/label><\/li><\/ul><\/fieldset><\/div><div id=\"wpforms-120801-field_14-container\" class=\"wpforms-field wpforms-field-pagebreak\" data-field-id=\"14\"><div class=\"wpforms-clear wpforms-pagebreak-right\"><button class=\"wpforms-page-button wpforms-page-prev wpforms-disabled\"\n\t\t\t\t\tdata-action=\"prev\" data-page=\"2\" data-formid=\"120801\" aria-disabled=\"true\" aria-describedby=\"wpforms-error-noscript\">Voltar<\/button><\/div><\/div><\/div><\/div><!-- .wpforms-field-container --><div class=\"wpforms-submit-container\" style=\"display:none;\"><input type=\"hidden\" name=\"wpforms[id]\" value=\"120801\"><input type=\"hidden\" name=\"page_title\" value=\"\"><input type=\"hidden\" name=\"page_url\" value=\"https:\/\/beta.marketingdigitalmedicos.com.br\/ruben-berta\/wp-json\/wp\/v2\/pages\/120796\"><input type=\"hidden\" name=\"url_referer\" value=\"\"><button type=\"submit\" name=\"wpforms[submit]\" id=\"wpforms-submit-120801\" class=\"wpforms-submit button-submit-form\" data-alt-text=\"Enviando\u2026\" data-submit-text=\"Enviar\" aria-live=\"assertive\" value=\"wpforms-submit\">Enviar<\/button><img loading=\"lazy\" decoding=\"async\" src=\"https:\/\/beta.marketingdigitalmedicos.com.br\/ruben-berta\/wp-content\/plugins\/wpforms\/assets\/images\/submit-spin.svg\" class=\"wpforms-submit-spinner\" style=\"display: none;\" width=\"26\" height=\"26\" alt=\"Carregando\"><\/div><\/form><\/div>  <!-- .wpforms-container --><\/div>\n<\/div>\n","protected":false},"excerpt":{"rendered":"<p>Considerando que o prontu\u00e1rio do paciente \u00e9 propriedade f\u00edsica da institui\u00e7\u00e3o, por for\u00e7a de lei (C\u00f3digo de \u00c9tica M\u00e9dica \u2013 Resolu\u00e7\u00e3o CFM n\u00ba 2.217\/2018), o HOSPITAL RUBEN BERTA cumprir\u00e1 o dever de guardar o prontu\u00e1rio do paciente pelo prazo legal, reservando ao paciente ou respons\u00e1vel legal, direito de c\u00f3pia do seu prontu\u00e1rio mediante solicita\u00e7\u00e3o expressa. [&hellip;]<\/p>\n","protected":false},"author":1,"featured_media":0,"parent":0,"menu_order":0,"comment_status":"closed","ping_status":"closed","template":"","meta":{"_acf_changed":false,"footnotes":""},"class_list":["post-120796","page","type-page","status-publish","hentry"],"acf":[],"_links":{"self":[{"href":"https:\/\/beta.marketingdigitalmedicos.com.br\/ruben-berta\/wp-json\/wp\/v2\/pages\/120796","targetHints":{"allow":["GET"]}}],"collection":[{"href":"https:\/\/beta.marketingdigitalmedicos.com.br\/ruben-berta\/wp-json\/wp\/v2\/pages"}],"about":[{"href":"https:\/\/beta.marketingdigitalmedicos.com.br\/ruben-berta\/wp-json\/wp\/v2\/types\/page"}],"author":[{"embeddable":true,"href":"https:\/\/beta.marketingdigitalmedicos.com.br\/ruben-berta\/wp-json\/wp\/v2\/users\/1"}],"replies":[{"embeddable":true,"href":"https:\/\/beta.marketingdigitalmedicos.com.br\/ruben-berta\/wp-json\/wp\/v2\/comments?post=120796"}],"version-history":[{"count":3,"href":"https:\/\/beta.marketingdigitalmedicos.com.br\/ruben-berta\/wp-json\/wp\/v2\/pages\/120796\/revisions"}],"predecessor-version":[{"id":120809,"href":"https:\/\/beta.marketingdigitalmedicos.com.br\/ruben-berta\/wp-json\/wp\/v2\/pages\/120796\/revisions\/120809"}],"wp:attachment":[{"href":"https:\/\/beta.marketingdigitalmedicos.com.br\/ruben-berta\/wp-json\/wp\/v2\/media?parent=120796"}],"curies":[{"name":"wp","href":"https:\/\/api.w.org\/{rel}","templated":true}]}}