{"id":120820,"date":"2025-05-27T09:47:17","date_gmt":"2025-05-27T12:47:17","guid":{"rendered":"https:\/\/beta.marketingdigitalmedicos.com.br\/ruben-berta\/?page_id=120820"},"modified":"2025-06-10T12:42:35","modified_gmt":"2025-06-10T15:42:35","slug":"fale-conosco","status":"publish","type":"page","link":"https:\/\/beta.marketingdigitalmedicos.com.br\/ruben-berta\/fale-conosco\/","title":{"rendered":"Fale Conosco"},"content":{"rendered":"\n<p class=\"has-text-align-center\">Atendimento Personalizado de acordo com suas necessidades. Estamos \u00e0 sua disposi\u00e7\u00e3o para demonstrar, na pr\u00e1tica, a nossa preocupa\u00e7\u00e3o com a sua satisfa\u00e7\u00e3o.<\/p>\n\n\n\n<p><\/p>\n","protected":false},"excerpt":{"rendered":"<p>Atendimento Personalizado de acordo com suas necessidades. Estamos \u00e0 sua disposi\u00e7\u00e3o para demonstrar, na pr\u00e1tica, a nossa preocupa\u00e7\u00e3o com a sua satisfa\u00e7\u00e3o.<\/p>\n","protected":false},"author":1,"featured_media":0,"parent":0,"menu_order":0,"comment_status":"closed","ping_status":"closed","template":"templates\/contato.php","meta":{"_acf_changed":false,"footnotes":""},"class_list":["post-120820","page","type-page","status-publish","hentry"],"acf":[],"_links":{"self":[{"href":"https:\/\/beta.marketingdigitalmedicos.com.br\/ruben-berta\/wp-json\/wp\/v2\/pages\/120820","targetHints":{"allow":["GET"]}}],"collection":[{"href":"https:\/\/beta.marketingdigitalmedicos.com.br\/ruben-berta\/wp-json\/wp\/v2\/pages"}],"about":[{"href":"https:\/\/beta.marketingdigitalmedicos.com.br\/ruben-berta\/wp-json\/wp\/v2\/types\/page"}],"author":[{"embeddable":true,"href":"https:\/\/beta.marketingdigitalmedicos.com.br\/ruben-berta\/wp-json\/wp\/v2\/users\/1"}],"replies":[{"embeddable":true,"href":"https:\/\/beta.marketingdigitalmedicos.com.br\/ruben-berta\/wp-json\/wp\/v2\/comments?post=120820"}],"version-history":[{"count":2,"href":"https:\/\/beta.marketingdigitalmedicos.com.br\/ruben-berta\/wp-json\/wp\/v2\/pages\/120820\/revisions"}],"predecessor-version":[{"id":125081,"href":"https:\/\/beta.marketingdigitalmedicos.com.br\/ruben-berta\/wp-json\/wp\/v2\/pages\/120820\/revisions\/125081"}],"wp:attachment":[{"href":"https:\/\/beta.marketingdigitalmedicos.com.br\/ruben-berta\/wp-json\/wp\/v2\/media?parent=120820"}],"curies":[{"name":"wp","href":"https:\/\/api.w.org\/{rel}","templated":true}]}}