{"id":120835,"date":"2025-05-27T13:14:54","date_gmt":"2025-05-27T16:14:54","guid":{"rendered":"https:\/\/beta.marketingdigitalmedicos.com.br\/ruben-berta\/?page_id=120835"},"modified":"2025-05-27T14:43:32","modified_gmt":"2025-05-27T17:43:32","slug":"trabalhe-conosco","status":"publish","type":"page","link":"https:\/\/beta.marketingdigitalmedicos.com.br\/ruben-berta\/trabalhe-conosco\/","title":{"rendered":"Trabalhe Conosco"},"content":{"rendered":"\n<p>O Hospital Ruben Berta oferece a seus colaboradores possibilidade de crescimento profissional e pessoal em um ambiente agrad\u00e1vel, din\u00e2mico e colaborativo.<\/p>\n\n\n\n<p>Agradecemos por visitar nossa p\u00e1gina de vagas no Hospital Ruben Berta. Atualmente, n\u00e3o temos vagas abertas, mas estamos sempre interessados em conhecer profissionais talentosos e comprometidos.<\/p>\n\n\n\n<p>Se voc\u00ea deseja fazer parte da nossa equipe no futuro, convidamos voc\u00ea a cadastrar seu curr\u00edculo em nosso banco de dados. Dessa forma, poderemos contat\u00e1-lo quando surgirem oportunidades que correspondam ao seu perfil.<\/p>\n\n\n\n<p>Agradecemos seu interesse em fazer parte da nossa institui\u00e7\u00e3o e esperamos que possamos trabalhar juntos em breve.<\/p>\n\n\n\n<p>Para enviar seu curr\u00edculo, clique no link abaixo e preencha o formul\u00e1rio. Mantenha-se atento \u00e0s nossas atualiza\u00e7\u00f5es e novas oportunidades.<\/p>\n","protected":false},"excerpt":{"rendered":"<p>O Hospital Ruben Berta oferece a seus colaboradores possibilidade de crescimento profissional e pessoal em um ambiente agrad\u00e1vel, din\u00e2mico e colaborativo. Agradecemos por visitar nossa p\u00e1gina de vagas no Hospital Ruben Berta. Atualmente, n\u00e3o temos vagas abertas, mas estamos sempre interessados em conhecer profissionais talentosos e comprometidos. Se voc\u00ea deseja fazer parte da nossa equipe [&hellip;]<\/p>\n","protected":false},"author":1,"featured_media":0,"parent":0,"menu_order":0,"comment_status":"closed","ping_status":"closed","template":"templates\/trabalhe-conosco.php","meta":{"_acf_changed":false,"footnotes":""},"class_list":["post-120835","page","type-page","status-publish","hentry"],"acf":[],"_links":{"self":[{"href":"https:\/\/beta.marketingdigitalmedicos.com.br\/ruben-berta\/wp-json\/wp\/v2\/pages\/120835","targetHints":{"allow":["GET"]}}],"collection":[{"href":"https:\/\/beta.marketingdigitalmedicos.com.br\/ruben-berta\/wp-json\/wp\/v2\/pages"}],"about":[{"href":"https:\/\/beta.marketingdigitalmedicos.com.br\/ruben-berta\/wp-json\/wp\/v2\/types\/page"}],"author":[{"embeddable":true,"href":"https:\/\/beta.marketingdigitalmedicos.com.br\/ruben-berta\/wp-json\/wp\/v2\/users\/1"}],"replies":[{"embeddable":true,"href":"https:\/\/beta.marketingdigitalmedicos.com.br\/ruben-berta\/wp-json\/wp\/v2\/comments?post=120835"}],"version-history":[{"count":9,"href":"https:\/\/beta.marketingdigitalmedicos.com.br\/ruben-berta\/wp-json\/wp\/v2\/pages\/120835\/revisions"}],"predecessor-version":[{"id":125076,"href":"https:\/\/beta.marketingdigitalmedicos.com.br\/ruben-berta\/wp-json\/wp\/v2\/pages\/120835\/revisions\/125076"}],"wp:attachment":[{"href":"https:\/\/beta.marketingdigitalmedicos.com.br\/ruben-berta\/wp-json\/wp\/v2\/media?parent=120835"}],"curies":[{"name":"wp","href":"https:\/\/api.w.org\/{rel}","templated":true}]}}