{"id":125121,"date":"2025-06-11T09:27:53","date_gmt":"2025-06-11T12:27:53","guid":{"rendered":"https:\/\/beta.marketingdigitalmedicos.com.br\/ruben-berta\/?page_id=125121"},"modified":"2025-06-11T09:27:55","modified_gmt":"2025-06-11T12:27:55","slug":"nossa-historia","status":"publish","type":"page","link":"https:\/\/beta.marketingdigitalmedicos.com.br\/ruben-berta\/nossa-historia\/","title":{"rendered":"Nossa Hist\u00f3ria"},"content":{"rendered":"\n<p>Nossa Hist\u00f3ria come\u00e7ou nos anos 90, quando o Dr. Domenico Modesto concebeu a ideia de criar um hospital. Com mais de 30 anos de experi\u00eancia em medicina e especializa\u00e7\u00e3o em Otorrinolaringologia, o Dr. Domenico possu\u00eda o conhecimento necess\u00e1rio para concretizar essa vis\u00e3o no campo cl\u00ednico. Al\u00e9m disso, sua habilidade como administrador, adquirida durante sua participa\u00e7\u00e3o na diretoria do antigo Hospital Ibirapuera, permitiu que ele tornasse o hospital uma realidade funcional, operando como uma empresa saud\u00e1vel.<\/p>\n\n\n\n<p>Movido pelo esp\u00edrito empreendedor, o Dr. Domenico encontrou obst\u00e1culos diante do desafio de estabelecer o Ruben Berta. Sua trajet\u00f3ria j\u00e1 havia sido marcada por superar in\u00fameras dificuldades e vencer batalhas, mas este projeto especial trazia uma signific\u00e2ncia \u00fanica: a oportunidade de compartilhar seus conhecimentos em uma obra de valor inestim\u00e1vel para a sociedade.<\/p>\n\n\n\n<p>E assim, o Ruben Berta nasceu.<\/p>\n","protected":false},"excerpt":{"rendered":"<p>Nossa Hist\u00f3ria come\u00e7ou nos anos 90, quando o Dr. Domenico Modesto concebeu a ideia de criar um hospital. Com mais de 30 anos de experi\u00eancia em medicina e especializa\u00e7\u00e3o em Otorrinolaringologia, o Dr. Domenico possu\u00eda o conhecimento necess\u00e1rio para concretizar essa vis\u00e3o no campo cl\u00ednico. Al\u00e9m disso, sua habilidade como administrador, adquirida durante sua participa\u00e7\u00e3o [&hellip;]<\/p>\n","protected":false},"author":1,"featured_media":125122,"parent":0,"menu_order":0,"comment_status":"closed","ping_status":"closed","template":"templates\/about.php","meta":{"_acf_changed":false,"footnotes":""},"class_list":["post-125121","page","type-page","status-publish","has-post-thumbnail","hentry"],"acf":[],"_links":{"self":[{"href":"https:\/\/beta.marketingdigitalmedicos.com.br\/ruben-berta\/wp-json\/wp\/v2\/pages\/125121","targetHints":{"allow":["GET"]}}],"collection":[{"href":"https:\/\/beta.marketingdigitalmedicos.com.br\/ruben-berta\/wp-json\/wp\/v2\/pages"}],"about":[{"href":"https:\/\/beta.marketingdigitalmedicos.com.br\/ruben-berta\/wp-json\/wp\/v2\/types\/page"}],"author":[{"embeddable":true,"href":"https:\/\/beta.marketingdigitalmedicos.com.br\/ruben-berta\/wp-json\/wp\/v2\/users\/1"}],"replies":[{"embeddable":true,"href":"https:\/\/beta.marketingdigitalmedicos.com.br\/ruben-berta\/wp-json\/wp\/v2\/comments?post=125121"}],"version-history":[{"count":1,"href":"https:\/\/beta.marketingdigitalmedicos.com.br\/ruben-berta\/wp-json\/wp\/v2\/pages\/125121\/revisions"}],"predecessor-version":[{"id":125123,"href":"https:\/\/beta.marketingdigitalmedicos.com.br\/ruben-berta\/wp-json\/wp\/v2\/pages\/125121\/revisions\/125123"}],"wp:featuredmedia":[{"embeddable":true,"href":"https:\/\/beta.marketingdigitalmedicos.com.br\/ruben-berta\/wp-json\/wp\/v2\/media\/125122"}],"wp:attachment":[{"href":"https:\/\/beta.marketingdigitalmedicos.com.br\/ruben-berta\/wp-json\/wp\/v2\/media?parent=125121"}],"curies":[{"name":"wp","href":"https:\/\/api.w.org\/{rel}","templated":true}]}}